{"id":14772,"date":"2016-10-10T08:05:03","date_gmt":"2016-10-10T08:05:03","guid":{"rendered":"http:\/\/www.strugagames.be\/faq\/"},"modified":"2018-05-28T13:13:55","modified_gmt":"2018-05-28T12:13:55","slug":"faq","status":"publish","type":"page","link":"https:\/\/www.strugagames.be\/?page_id=14772","title":{"rendered":"FAQ"},"content":{"rendered":"<div class=\"wpb-content-wrapper\"><p>[vc_row padding_top_multiplier=&#8221;&#8221; padding_bottom_multiplier=&#8221;2x&#8221;][vc_column][vc_tta_accordion active_section=&#8221;1&#8243;][vc_tta_section title=&#8221;Les cafetiers ont-ils besoin d\u2019une licence pour installer des bingos?&#8221; tab_id=&#8221;start&#8221;][vc_column_text 0=&#8221;&#8221;]Les cafetiers qui souhaitent se munir de machines bingo doivent obtenir une licence &#8216;C&#8217; de la commission de jeux.[\/vc_column_text][\/vc_tta_section][vc_tta_section title=&#8221;Combien de bingos peut-on installer dans une caf\u00e9?&#8221; tab_id=&#8221;update&#8221;][vc_column_text 0=&#8221;&#8221;]Le nombre de bingos est limit\u00e9 \u00e0 2 par caf\u00e9.[\/vc_column_text][\/vc_tta_section][vc_tta_section title=&#8221;Le jeu est-il r\u00e9serv\u00e9 aux majeurs de plus de 18 ans ?&#8221; tab_id=&#8221;1523883003863-51ad2c51-bb84&#8243;][vc_column_text]Les joueurs doivent \u00eatre \u00e2g\u00e9s de plus de 18 ans. Le bingo est \u00e9quip\u00e9 d\u2019une lecteur de carte d\u2019identit\u00e9 pour contr\u00f4ler l\u2019\u00e2ge du joueur.[\/vc_column_text][\/vc_tta_section][vc_tta_section title=&#8221;Les informations du joueurs sont-elles stock\u00e9es ou communiqu\u00e9es \u00e0 la commission des jeux ?&#8221; tab_id=&#8221;1523883005740-bb60f438-d9a3&#8243;][vc_column_text]La carte d\u2019identit\u00e9 est uniquement utilis\u00e9e pour contr\u00f4ler l\u2019\u00e2ge du joueur au sein de la machine. Aucune information relative au joueur n\u2019est stock\u00e9e ou envoy\u00e9e \u00e0 quiconque.<\/p>\n<p>[\/vc_column_text][\/vc_tta_section][vc_tta_section title=&#8221;Un touriste \u00e9tranger qui ne dispose pas d\u2019une carte d\u2019identit\u00e9 \u00e9lectronique belge peut-il jouer au bingo ?&#8221; tab_id=&#8221;1523883285124-93c07bde-f781&#8243;][vc_column_text]Si le joueur ne dispose pas d\u2019une carte d\u2019identit\u00e9 \u00e9lectronique belge, il peut faire la demande au comptoir du caf\u00e9 pour avoir une carte g\u00e9n\u00e9rique. Cette carte ne sera fournie qu\u2019apr\u00e8s v\u00e9rification de l\u2019\u00e2ge du joueur par le cafetier.[\/vc_column_text][\/vc_tta_section][vc_tta_section title=&#8221;Le cafetier ou le placeur peuvent-ils influencer les r\u00e9sultats ?&#8221; tab_id=&#8221;import&#8221;][vc_column_text 0=&#8221;&#8221;]Les machines sont contr\u00f4l\u00e9es par la commission des jeux. Le placeur et le caf\u00e9 d\u00e9tiennent une licence et sont contr\u00f4l\u00e9s par la commission des jeux. Les r\u00e9parations sont effectu\u00e9es par des techniciens qui ont une licence. La machine d\u00e9cide elle-m\u00eame et personne ne sait ou ne peut influencer les r\u00e9sultats.[\/vc_column_text][\/vc_tta_section][\/vc_tta_accordion][\/vc_column][\/vc_row]<\/p>\n<\/div>","protected":false},"excerpt":{"rendered":"<p>[vc_row padding_top_multiplier=&#8221;&#8221; padding_bottom_multiplier=&#8221;2x&#8221;][vc_column][vc_tta_accordion active_section=&#8221;1&#8243;][vc_tta_section title=&#8221;Les cafetiers ont-ils besoin d\u2019une licence pour installer des bingos?&#8221; tab_id=&#8221;start&#8221;][vc_column_text 0=&#8221;&#8221;]Les cafetiers qui souhaitent se munir de machines bingo doivent obtenir une licence &#8216;C&#8217; de la commission de jeux.[\/vc_column_text][\/vc_tta_section][vc_tta_section title=&#8221;Combien de bingos peut-on installer dans une caf\u00e9?&#8221; tab_id=&#8221;update&#8221;][vc_column_text 0=&#8221;&#8221;]Le nombre de bingos est limit\u00e9 \u00e0 2 par caf\u00e9.[\/vc_column_text][\/vc_tta_section][vc_tta_section title=&#8221;Le jeu [&hellip;]<\/p>\n","protected":false},"author":1,"featured_media":0,"parent":0,"menu_order":0,"comment_status":"closed","ping_status":"closed","template":"","meta":{"_exactmetrics_skip_tracking":false,"_exactmetrics_sitenote_active":false,"_exactmetrics_sitenote_note":"","_exactmetrics_sitenote_category":0,"footnotes":""},"class_list":["post-14772","page","type-page","status-publish","hentry"],"_links":{"self":[{"href":"https:\/\/www.strugagames.be\/index.php?rest_route=\/wp\/v2\/pages\/14772","targetHints":{"allow":["GET"]}}],"collection":[{"href":"https:\/\/www.strugagames.be\/index.php?rest_route=\/wp\/v2\/pages"}],"about":[{"href":"https:\/\/www.strugagames.be\/index.php?rest_route=\/wp\/v2\/types\/page"}],"author":[{"embeddable":true,"href":"https:\/\/www.strugagames.be\/index.php?rest_route=\/wp\/v2\/users\/1"}],"replies":[{"embeddable":true,"href":"https:\/\/www.strugagames.be\/index.php?rest_route=%2Fwp%2Fv2%2Fcomments&post=14772"}],"version-history":[{"count":8,"href":"https:\/\/www.strugagames.be\/index.php?rest_route=\/wp\/v2\/pages\/14772\/revisions"}],"predecessor-version":[{"id":16596,"href":"https:\/\/www.strugagames.be\/index.php?rest_route=\/wp\/v2\/pages\/14772\/revisions\/16596"}],"wp:attachment":[{"href":"https:\/\/www.strugagames.be\/index.php?rest_route=%2Fwp%2Fv2%2Fmedia&parent=14772"}],"curies":[{"name":"wp","href":"https:\/\/api.w.org\/{rel}","templated":true}]}}