{"id":16563,"date":"2018-05-25T06:34:17","date_gmt":"2018-05-25T06:34:17","guid":{"rendered":"http:\/\/www.strugagames.be\/?page_id=16563"},"modified":"2018-08-15T17:49:22","modified_gmt":"2018-08-15T16:49:22","slug":"products","status":"publish","type":"page","link":"https:\/\/www.strugagames.be\/?page_id=16563","title":{"rendered":"Nos machines"},"content":{"rendered":"<div class=\"wpb-content-wrapper\"><p>[vc_row columns_gap=&#8221;15&#8243; padding_top_multiplier=&#8221;&#8221;][vc_column css=&#8221;.vc_custom_1527248936797{margin-top: 0px !important;padding-top: 0px !important;}&#8221;]<h1 class=\"grve-element grve-title grve-align-left grve-h1\" style=\"\"><span><br>\n<h1>Bingo<\/h1>\n<span class=\"grve-title-line grve-bg-primary-1\" style=\"width: 50px;height: 2px;\"><\/span><\/span><\/h1>[vc_column_text el_class=&#8221;pro-details&#8221;]Le bingo est un jeu tr\u00e8s populaire dans les caf\u00e9s en Belgique.<\/p>\n<p>Le jeu rassemble la convivialit\u00e9 d\u2019un caf\u00e9 pr\u00e8s de chez soi, l\u2019excitation li\u00e9e au jeu et la possibilit\u00e9 de pouvoir boire sa consommation tout en jouant.<\/p>\n<p>Les r\u00e8gles sont faciles \u00e0 comprendre et les mises sont limit\u00e9es, ce qui permet \u00e0 tout un chacun de passer un moment agr\u00e9able dans le caf\u00e9 de son choix, seul ou avec des amis, \u00e0 jouer une ou plusieurs parties.<\/p>\n<p>L\u2019exp\u00e9rience est tr\u00e8s diff\u00e9rente des casinos o\u00f9 l\u2019on ne peut pas boire de consommations tout en restant \u00e0 c\u00f4t\u00e9 de la table de jeu.<\/p>\n<p>Le bingo est un jeu de hasard compos\u00e9e d\u2019une planche de 26 trous et de 2 ou 6 cartes. Le bingo est parfois appel\u00e9 \u201cflipper \u00e0 trous\u201d ou \u201cbillard \u00e9lectrique\u201d et ne doit pas \u00eatre confondu avec le jeu de soci\u00e9t\u00e9 bingo, r\u00e9pandu aux \u00c9tats-Unis, qui s\u2019apparente \u00e0 une grille de lotto.<\/p>\n<p>Le but du bingo de caf\u00e9 d\u00e9pend du jeu choisi. Certains jeux ont pour but de compl\u00e9ter une ligne avec les billes. D\u2019autres jeux visent \u00e0 remplir certains trous.<\/p>\n<p>Le jeu m\u00eale chance, adresse et technique: le joueur doit doser sa force lorsqu\u2019il lance la boule d\u2019acier, il peut parfois influencer la trajectoire de la boule en donnant de l\u00e9gers coups secs.. mais attention au tilt qui bloque le jeu si les coups sont trop violents!<\/p>\n<p>Les mises vont de 0,25 \u20ac \u00e0 6,25 \u20ac et peuvent rapporter jusqu\u2019\u00e0 500,00 \u20ac au gagnant.<\/p>\n<p>A cela s\u2019ajoute les bonus appel\u00e9s \u00ab\u00a0Magic Tower\u00a0\u00bb, qui apparaissent lorsqu&#8217;un certain nombre de parties \u00e0 3,00 \u20ac ou plus ont \u00e9t\u00e9 jou\u00e9es. La serveuse paie alors le gagnant avec de l\u2019argent liquide, au sein m\u00eame du caf\u00e9.[\/vc_column_text][\/vc_column][\/vc_row][vc_row 0=&#8221;&#8221;][vc_column 0=&#8221;&#8221;]<div class=\"grve-element grve-divider\" style=\"padding-top: 0px;padding-bottom: 0px;\"><div class=\"grve-line-divider grve-border\"><\/div><\/div>[\/vc_column][\/vc_row][vc_row 0=&#8221;&#8221;][vc_column width=&#8221;1\/4&#8243;]<div class=\"grve-element grve-image grve-align-center grve-full-image grve-image-space-100\" style=\"\">  <div class=\"grve-image-wrapper\"><img loading=\"lazy\" decoding=\"async\" width=\"300\" height=\"300\" src=\"https:\/\/www.strugagames.be\/wp-content\/uploads\/2018\/05\/montana-deluxe-2-1.png\" class=\"attachment-full size-full\" alt=\"\" srcset=\"https:\/\/www.strugagames.be\/wp-content\/uploads\/2018\/05\/montana-deluxe-2-1.png 1x,https:\/\/www.strugagames.be\/wp-content\/uploads\/2018\/05\/montana-deluxe-2-1.png 2x\" \/>   <\/div><\/div>[\/vc_column][vc_column width=&#8221;3\/4&#8243;]<h1 class=\"grve-element grve-title grve-align-left grve-h1\" style=\"\"><span><br>\n<h2><strong><span style=\"color: #0652fd;\">01.<\/span> Montana De Luxe 2<\/strong><\/h2>\n<span class=\"grve-title-line grve-bg-primary-1\" style=\"width: 50px;height: 1px;\"><\/span><\/span><\/h1>[vc_column_text el_class=&#8221;pro-details&#8221;]Le Montana de Luxe, construit par la soci\u00e9t\u00e9 belge Splin ,est le leader mondial des bingos et est ,tr\u00e8s probablement, la machine la plus solicit\u00e9e par les joueurs de bingo.<\/p>\n<p>Ce bingo offre 9 jeux diff\u00e9rents dont les plus populaires sont l\u2019euro one ball, the triple barrel et le lucky ball.<\/p>\n<p>La machine est dot\u00e9e d\u2019un double hopper, d\u2019un lecteur de billets, d\u2019un lecteur de carte d\u2019identit\u00e9, d\u2019un monnayeur, d\u2019un GPRS et de deux \u00e9crans 26\u2019\u2019.<\/p>\n<p><strong>Dimension:<\/strong> 135x68x133 cm[\/vc_column_text][\/vc_column][\/vc_row][vc_row][vc_column]<div class=\"grve-element grve-divider\" style=\"padding-top: 0px;padding-bottom: 0px;\"><div class=\"grve-line-divider grve-border\"><\/div><\/div>[\/vc_column][\/vc_row][vc_row][vc_column width=&#8221;1\/4&#8243;]<div class=\"grve-element grve-image grve-align-center grve-full-image grve-image-space-100\" style=\"\">  <div class=\"grve-image-wrapper\"><img loading=\"lazy\" decoding=\"async\" width=\"300\" height=\"300\" src=\"https:\/\/www.strugagames.be\/wp-content\/uploads\/2018\/05\/slot-arizona-joker.png\" class=\"attachment-full size-full\" alt=\"\" srcset=\"https:\/\/www.strugagames.be\/wp-content\/uploads\/2018\/05\/slot-arizona-joker.png 1x,https:\/\/www.strugagames.be\/wp-content\/uploads\/2018\/05\/slot-arizona-joker.png 2x\" \/>   <\/div><\/div>[\/vc_column][vc_column width=&#8221;3\/4&#8243;]<h1 class=\"grve-element grve-title grve-align-left grve-h1\" style=\"\"><span><br>\n<h1><strong><span style=\"color: #0652fd;\">02.<\/span> Slot Arizona Joker<\/strong><\/h1>\n<span class=\"grve-title-line grve-bg-primary-1\" style=\"width: 50px;height: 1px;\"><\/span><\/span><\/h1>[vc_column_text el_class=&#8221;pro-details&#8221;]Le Montana de Luxe est construit par la soci\u00e9t\u00e9 belge Splin.<\/p>\n<p>Ce slot offre 3 jeux diff\u00e9rents\u00a0: Euro Six Cards, Super Roller et le Master Joker.<\/p>\n<p>La machine est dot\u00e9e d\u2019un hopper, d\u2019un lecteur de billets, d\u2019un monnayeur avec trieur de pi\u00e8ces et de deux \u00e9crans 22\u2019\u2019.<\/p>\n<p>Sa lumi\u00e8re rouge qui l\u2019entoure lui donne un look particuli\u00e8rement attractif.<\/p>\n<p><strong>Dimension:<\/strong> 63x51x183 cm[\/vc_column_text][\/vc_column][\/vc_row][vc_row 0=&#8221;&#8221;][vc_column 0=&#8221;&#8221;]<div class=\"grve-element grve-divider\" style=\"padding-top: 0px;padding-bottom: 0px;\"><div class=\"grve-line-divider grve-border\"><\/div><\/div>[\/vc_column][\/vc_row][vc_row 0=&#8221;&#8221;][vc_column width=&#8221;1\/4&#8243;]<div class=\"grve-element grve-image grve-align-center\" style=\"\">  <div class=\"grve-image-wrapper\"><img loading=\"lazy\" decoding=\"async\" width=\"300\" height=\"300\" src=\"https:\/\/www.strugagames.be\/wp-content\/uploads\/2018\/05\/slot-montana-joker.png\" class=\"attachment-full size-full\" alt=\"\" srcset=\"https:\/\/www.strugagames.be\/wp-content\/uploads\/2018\/05\/slot-montana-joker.png 1x,https:\/\/www.strugagames.be\/wp-content\/uploads\/2018\/05\/slot-montana-joker.png 2x\" \/>   <\/div><\/div>[\/vc_column][vc_column width=&#8221;3\/4&#8243;]<h1 class=\"grve-element grve-title grve-align-left grve-h1\" style=\"\"><span><br>\n<h1><strong><span style=\"color: #0652fd;\">03.<\/span> Slot Montana Joker<\/strong><\/h1>\n<span class=\"grve-title-line grve-bg-primary-1\" style=\"width: 50px;height: 1px;\"><\/span><\/span><\/h1>[vc_column_text el_class=&#8221;pro-details&#8221;]Le Montana de Luxe est construit par la soci\u00e9t\u00e9 belge Splin.<\/p>\n<p>Ce slot offre 3 jeux diff\u00e9rents\u00a0: Euro Six Cards, Super Roller et le Master Joker.<\/p>\n<p>La machine est dot\u00e9e d\u2019un hopper, d\u2019un lecteur de billets, d\u2019un monnayeur avec trieur de pi\u00e8ces et de deux \u00e9crans 22\u2019\u2019.<\/p>\n<p><strong>Dimension:<\/strong> 60x50x200 cm[\/vc_column_text][\/vc_column][\/vc_row]<\/p>\n<\/div>","protected":false},"excerpt":{"rendered":"<p>[vc_row columns_gap=&#8221;15&#8243; padding_top_multiplier=&#8221;&#8221;][vc_column css=&#8221;.vc_custom_1527248936797{margin-top: 0px !important;padding-top: 0px !important;}&#8221;][vc_column_text el_class=&#8221;pro-details&#8221;]Le bingo est un jeu tr\u00e8s populaire dans les caf\u00e9s en Belgique. Le jeu rassemble la convivialit\u00e9 d\u2019un caf\u00e9 pr\u00e8s de chez soi, l\u2019excitation li\u00e9e au jeu et la possibilit\u00e9 de pouvoir boire sa consommation tout en jouant. Les r\u00e8gles sont faciles \u00e0 comprendre et les mises [&hellip;]<\/p>\n","protected":false},"author":1,"featured_media":0,"parent":0,"menu_order":0,"comment_status":"closed","ping_status":"closed","template":"","meta":{"_exactmetrics_skip_tracking":false,"_exactmetrics_sitenote_active":false,"_exactmetrics_sitenote_note":"","_exactmetrics_sitenote_category":0,"footnotes":""},"class_list":["post-16563","page","type-page","status-publish","hentry"],"_links":{"self":[{"href":"https:\/\/www.strugagames.be\/index.php?rest_route=\/wp\/v2\/pages\/16563","targetHints":{"allow":["GET"]}}],"collection":[{"href":"https:\/\/www.strugagames.be\/index.php?rest_route=\/wp\/v2\/pages"}],"about":[{"href":"https:\/\/www.strugagames.be\/index.php?rest_route=\/wp\/v2\/types\/page"}],"author":[{"embeddable":true,"href":"https:\/\/www.strugagames.be\/index.php?rest_route=\/wp\/v2\/users\/1"}],"replies":[{"embeddable":true,"href":"https:\/\/www.strugagames.be\/index.php?rest_route=%2Fwp%2Fv2%2Fcomments&post=16563"}],"version-history":[{"count":23,"href":"https:\/\/www.strugagames.be\/index.php?rest_route=\/wp\/v2\/pages\/16563\/revisions"}],"predecessor-version":[{"id":16614,"href":"https:\/\/www.strugagames.be\/index.php?rest_route=\/wp\/v2\/pages\/16563\/revisions\/16614"}],"wp:attachment":[{"href":"https:\/\/www.strugagames.be\/index.php?rest_route=%2Fwp%2Fv2%2Fmedia&parent=16563"}],"curies":[{"name":"wp","href":"https:\/\/api.w.org\/{rel}","templated":true}]}}